{"id":115,"date":"2018-06-14T14:25:08","date_gmt":"2018-06-14T12:25:08","guid":{"rendered":"http:\/\/schroeter-motoren.de\/website\/?page_id=115"},"modified":"2018-08-22T09:36:24","modified_gmt":"2018-08-22T07:36:24","slug":"motoreninstandsetzung","status":"publish","type":"page","link":"https:\/\/schroeter-motoren.de\/website\/unsere-leistungen\/motoreninstandsetzung\/","title":{"rendered":"Motoreninstandsetzung"},"content":{"rendered":"\t\t<div data-elementor-type=\"wp-post\" data-elementor-id=\"115\" class=\"elementor elementor-115 elementor-bc-flex-widget\">\n\t\t\t\t\t\t<div class=\"elementor-inner\">\n\t\t\t\t<div class=\"elementor-section-wrap\">\n\t\t\t\t\t\t\t\t\t<section class=\"elementor-section elementor-top-section elementor-element elementor-element-7621f8e elementor-section-boxed elementor-section-height-default elementor-section-height-default\" data-id=\"7621f8e\" data-element_type=\"section\">\n\t\t\t\t\t\t<div class=\"elementor-container elementor-column-gap-default\">\n\t\t\t\t\t\t\t<div class=\"elementor-row\">\n\t\t\t\t\t<div class=\"elementor-column elementor-col-100 elementor-top-column elementor-element elementor-element-2b93aa3\" data-id=\"2b93aa3\" data-element_type=\"column\">\n\t\t\t<div class=\"elementor-column-wrap elementor-element-populated\">\n\t\t\t\t\t\t\t<div class=\"elementor-widget-wrap\">\n\t\t\t\t\t\t<div class=\"elementor-element elementor-element-edcf2a6 elementor-widget elementor-widget-heading\" data-id=\"edcf2a6\" data-element_type=\"widget\" data-widget_type=\"heading.default\">\n\t\t\t\t<div class=\"elementor-widget-container\">\n\t\t\t<h2 class=\"elementor-heading-title elementor-size-default\">Motorinstandsetzung<\/h2>\t\t<\/div>\n\t\t\t\t<\/div>\n\t\t\t\t\t\t<\/div>\n\t\t\t\t\t<\/div>\n\t\t<\/div>\n\t\t\t\t\t\t\t\t<\/div>\n\t\t\t\t\t<\/div>\n\t\t<\/section>\n\t\t\t\t<section class=\"elementor-section elementor-top-section elementor-element elementor-element-dd8783c elementor-section-boxed elementor-section-height-default elementor-section-height-default\" data-id=\"dd8783c\" data-element_type=\"section\">\n\t\t\t\t\t\t<div class=\"elementor-container elementor-column-gap-default\">\n\t\t\t\t\t\t\t<div class=\"elementor-row\">\n\t\t\t\t\t<div class=\"elementor-column elementor-col-100 elementor-top-column elementor-element elementor-element-8990ff6\" data-id=\"8990ff6\" data-element_type=\"column\">\n\t\t\t<div class=\"elementor-column-wrap elementor-element-populated\">\n\t\t\t\t\t\t\t<div class=\"elementor-widget-wrap\">\n\t\t\t\t\t\t<section class=\"elementor-section elementor-inner-section elementor-element elementor-element-ffbec6a elementor-section-boxed elementor-section-height-default elementor-section-height-default\" data-id=\"ffbec6a\" data-element_type=\"section\">\n\t\t\t\t\t\t<div class=\"elementor-container elementor-column-gap-default\">\n\t\t\t\t\t\t\t<div class=\"elementor-row\">\n\t\t\t\t\t<div class=\"elementor-column elementor-col-50 elementor-inner-column elementor-element elementor-element-ee1113f\" data-id=\"ee1113f\" data-element_type=\"column\">\n\t\t\t<div class=\"elementor-column-wrap elementor-element-populated\">\n\t\t\t\t\t\t\t<div class=\"elementor-widget-wrap\">\n\t\t\t\t\t\t<div class=\"elementor-element elementor-element-c703300 elementor-widget elementor-widget-image\" data-id=\"c703300\" data-element_type=\"widget\" data-widget_type=\"image.default\">\n\t\t\t\t<div class=\"elementor-widget-container\">\n\t\t\t\t\t\t\t\t<div class=\"elementor-image\">\n\t\t\t\t\t\t\t\t\t<figure class=\"wp-caption\">\n\t\t\t\t\t\t\t\t\t\t<img decoding=\"async\" width=\"683\" height=\"1024\" src=\"https:\/\/schroeter-motoren.de\/wp-content\/uploads\/2018\/07\/TFSI-Motor-683x1024.jpg\" class=\"attachment-large size-large wp-image-275\" alt=\"\" loading=\"lazy\" srcset=\"https:\/\/schroeter-motoren.de\/wp-content\/uploads\/2018\/07\/TFSI-Motor.jpg 683w, https:\/\/schroeter-motoren.de\/wp-content\/uploads\/2018\/07\/TFSI-Motor-200x300.jpg 200w\" sizes=\"(max-width: 683px) 100vw, 683px\" \/>\t\t\t\t\t\t\t\t\t\t\t<figcaption class=\"widget-image-caption wp-caption-text\">AUDI TFSI Motor instandgesetzt<\/figcaption>\n\t\t\t\t\t\t\t\t\t\t<\/figure>\n\t\t\t\t\t\t\t\t<\/div>\n\t\t\t\t\t\t<\/div>\n\t\t\t\t<\/div>\n\t\t\t\t\t\t<\/div>\n\t\t\t\t\t<\/div>\n\t\t<\/div>\n\t\t\t\t<div class=\"elementor-column elementor-col-50 elementor-inner-column elementor-element elementor-element-44d0287\" data-id=\"44d0287\" data-element_type=\"column\">\n\t\t\t<div class=\"elementor-column-wrap elementor-element-populated\">\n\t\t\t\t\t\t\t<div class=\"elementor-widget-wrap\">\n\t\t\t\t\t\t<div class=\"elementor-element elementor-element-4eeb8f7 elementor-widget elementor-widget-image\" data-id=\"4eeb8f7\" data-element_type=\"widget\" data-widget_type=\"image.default\">\n\t\t\t\t<div class=\"elementor-widget-container\">\n\t\t\t\t\t\t\t\t<div class=\"elementor-image\">\n\t\t\t\t\t\t\t\t\t<figure class=\"wp-caption\">\n\t\t\t\t\t\t\t\t\t\t<img decoding=\"async\" width=\"448\" height=\"336\" src=\"https:\/\/schroeter-motoren.de\/wp-content\/uploads\/2018\/06\/motoreninstandsetzung-staplermotor-schroeter-motoren.jpg\" class=\"attachment-large size-large wp-image-171\" alt=\"\" loading=\"lazy\" srcset=\"https:\/\/schroeter-motoren.de\/wp-content\/uploads\/2018\/06\/motoreninstandsetzung-staplermotor-schroeter-motoren.jpg 448w, https:\/\/schroeter-motoren.de\/wp-content\/uploads\/2018\/06\/motoreninstandsetzung-staplermotor-schroeter-motoren-300x225.jpg 300w\" sizes=\"(max-width: 448px) 100vw, 448px\" \/>\t\t\t\t\t\t\t\t\t\t\t<figcaption class=\"widget-image-caption wp-caption-text\">General\u00fcberholter Industriemotor<\/figcaption>\n\t\t\t\t\t\t\t\t\t\t<\/figure>\n\t\t\t\t\t\t\t\t<\/div>\n\t\t\t\t\t\t<\/div>\n\t\t\t\t<\/div>\n\t\t\t\t<div class=\"elementor-element elementor-element-2bb1742 elementor-widget elementor-widget-image\" data-id=\"2bb1742\" data-element_type=\"widget\" data-widget_type=\"image.default\">\n\t\t\t\t<div class=\"elementor-widget-container\">\n\t\t\t\t\t\t\t\t<div class=\"elementor-image\">\n\t\t\t\t\t\t\t\t\t<figure class=\"wp-caption\">\n\t\t\t\t\t\t\t\t\t\t<img decoding=\"async\" width=\"448\" height=\"336\" src=\"https:\/\/schroeter-motoren.de\/wp-content\/uploads\/2018\/07\/bmw_m42_318is_schroeter_motoren.jpg\" class=\"attachment-large size-large wp-image-281\" alt=\"\" loading=\"lazy\" srcset=\"https:\/\/schroeter-motoren.de\/wp-content\/uploads\/2018\/07\/bmw_m42_318is_schroeter_motoren.jpg 448w, https:\/\/schroeter-motoren.de\/wp-content\/uploads\/2018\/07\/bmw_m42_318is_schroeter_motoren-300x225.jpg 300w\" sizes=\"(max-width: 448px) 100vw, 448px\" \/>\t\t\t\t\t\t\t\t\t\t\t<figcaption class=\"widget-image-caption wp-caption-text\">BMW M42 Motor f\u00fcr 318is Youngtimer<\/figcaption>\n\t\t\t\t\t\t\t\t\t\t<\/figure>\n\t\t\t\t\t\t\t\t<\/div>\n\t\t\t\t\t\t<\/div>\n\t\t\t\t<\/div>\n\t\t\t\t\t\t<\/div>\n\t\t\t\t\t<\/div>\n\t\t<\/div>\n\t\t\t\t\t\t\t\t<\/div>\n\t\t\t\t\t<\/div>\n\t\t<\/section>\n\t\t\t\t\t\t<\/div>\n\t\t\t\t\t<\/div>\n\t\t<\/div>\n\t\t\t\t\t\t\t\t<\/div>\n\t\t\t\t\t<\/div>\n\t\t<\/section>\n\t\t\t\t<section class=\"elementor-section elementor-top-section elementor-element elementor-element-a47b4d7 elementor-section-boxed elementor-section-height-default elementor-section-height-default\" data-id=\"a47b4d7\" data-element_type=\"section\">\n\t\t\t\t\t\t<div class=\"elementor-container elementor-column-gap-default\">\n\t\t\t\t\t\t\t<div class=\"elementor-row\">\n\t\t\t\t\t<div class=\"elementor-column elementor-col-100 elementor-top-column elementor-element elementor-element-f158df2\" data-id=\"f158df2\" data-element_type=\"column\">\n\t\t\t<div class=\"elementor-column-wrap elementor-element-populated\">\n\t\t\t\t\t\t\t<div class=\"elementor-widget-wrap\">\n\t\t\t\t\t\t<div class=\"elementor-element elementor-element-d87e4c7 elementor-widget elementor-widget-text-editor\" data-id=\"d87e4c7\" data-element_type=\"widget\" data-widget_type=\"text-editor.default\">\n\t\t\t\t<div class=\"elementor-widget-container\">\n\t\t\t\t\t\t\t\t<div class=\"elementor-text-editor elementor-clearfix\">\n\t\t\t\t<p>Ein Verbrennungsmotor kann nach entsprechendem Gebrauch verschiedene Sch\u00e4den aufweisen. Zur genauen Schadensanalyse werden die Motoren in unserem Hause zun\u00e4chst demontiert. S\u00e4mtliche Teile werden nach Demontage gr\u00fcndlich in einer Hei\u00dfwaschanlage gereinigt. Im Anschluss werden die Lagerstellen, Kolben, Zylinder, Kurbelwelle, Nockenwelle, etc. vermessen und sichtgepr\u00fcft. Durch diese Bestandsaufnahme werden s\u00e4mtliche Sch\u00e4den und Verschlei\u00dfzust\u00e4nde sichtbar. Nicht bei jedem Motor ist eine komplette Instandsetzung im Sinne einer sogenannten General\u00fcberholung notwendig. Oftmals ist auch eine kosteng\u00fcnstigere Teilreparatur ausreichend. Durch die langj\u00e4hrigen Erfahrungen k\u00f6nnen wir den Zustand Ihres Motors einsch\u00e4tzen und Ihnen ein individuell zugeschnittenes detailliertes Angebot zur Instandsetzung erstellen.<\/p><p>Eine umfassende Beratung geh\u00f6rt in unserem Hause zu jeder Instandsetzungsma\u00dfnahme!<\/p><p>Wir verbinden klassischen Maschinenbau mit modernsten Technologien und lassen umfangreiches theoretisches Wissen sowie nat\u00fcrlich langj\u00e4hrige Erfahrungen in unsere Arbeit einflie\u00dfen. Durch diese Komponenten werden wir h\u00f6chsten Qualit\u00e4tsanspr\u00fcchen gerecht. Daf\u00fcr geben wir Ihnen eine umfassende Gew\u00e4hrleistung.<\/p><p>Qualit\u00e4t hat nat\u00fcrlich ihren Preis. Wir vergleichen unsere Preise st\u00e4ndig mit den Angeboten der Fahrzeug- und Motorenhersteller und k\u00f6nnen Ihnen deshalb in aller Regel durch die Aufarbeitung Ihres Motors deutliche Preisvorteile gegen\u00fcber Neu- oder Austauschmotoren anbieten.<\/p><p>Kostenabsch\u00e4tzungen vor Ausbau und Demontage des Motors sind ebenfalls m\u00f6glich.<\/p><p>Wir beantworten gern Ihre Anfragen telefonisch oder auch per Fax bzw. E-Mail.<\/p>\t\t\t\t\t<\/div>\n\t\t\t\t\t\t<\/div>\n\t\t\t\t<\/div>\n\t\t\t\t\t\t<\/div>\n\t\t\t\t\t<\/div>\n\t\t<\/div>\n\t\t\t\t\t\t\t\t<\/div>\n\t\t\t\t\t<\/div>\n\t\t<\/section>\n\t\t\t\t<section class=\"elementor-section elementor-top-section elementor-element elementor-element-92ea216 elementor-section-boxed elementor-section-height-default elementor-section-height-default\" data-id=\"92ea216\" data-element_type=\"section\">\n\t\t\t\t\t\t<div class=\"elementor-container elementor-column-gap-default\">\n\t\t\t\t\t\t\t<div class=\"elementor-row\">\n\t\t\t\t\t<div class=\"elementor-column elementor-col-100 elementor-top-column elementor-element elementor-element-87e9691\" data-id=\"87e9691\" data-element_type=\"column\">\n\t\t\t<div class=\"elementor-column-wrap elementor-element-populated\">\n\t\t\t\t\t\t\t<div class=\"elementor-widget-wrap\">\n\t\t\t\t\t\t<div class=\"elementor-element elementor-element-acd9a28 elementor-widget elementor-widget-image\" data-id=\"acd9a28\" data-element_type=\"widget\" data-widget_type=\"image.default\">\n\t\t\t\t<div class=\"elementor-widget-container\">\n\t\t\t\t\t\t\t\t<div class=\"elementor-image\">\n\t\t\t\t\t\t\t\t\t<figure class=\"wp-caption\">\n\t\t\t\t\t\t\t\t\t\t<img decoding=\"async\" width=\"900\" height=\"545\" src=\"https:\/\/schroeter-motoren.de\/wp-content\/uploads\/2018\/07\/teaserbox_26924738.gif\" class=\"attachment-large size-large wp-image-242\" alt=\"\" loading=\"lazy\" \/>\t\t\t\t\t\t\t\t\t\t\t<figcaption class=\"widget-image-caption wp-caption-text\">Funktionsweise eines 4 Zylinder 16V<\/figcaption>\n\t\t\t\t\t\t\t\t\t\t<\/figure>\n\t\t\t\t\t\t\t\t<\/div>\n\t\t\t\t\t\t<\/div>\n\t\t\t\t<\/div>\n\t\t\t\t\t\t<\/div>\n\t\t\t\t\t<\/div>\n\t\t<\/div>\n\t\t\t\t\t\t\t\t<\/div>\n\t\t\t\t\t<\/div>\n\t\t<\/section>\n\t\t\t\t<section class=\"elementor-section elementor-top-section elementor-element elementor-element-98215e8 elementor-section-boxed elementor-section-height-default elementor-section-height-default\" data-id=\"98215e8\" data-element_type=\"section\">\n\t\t\t\t\t\t<div class=\"elementor-container elementor-column-gap-default\">\n\t\t\t\t\t\t\t<div class=\"elementor-row\">\n\t\t\t\t\t<div class=\"elementor-column elementor-col-100 elementor-top-column elementor-element elementor-element-a4a5616\" data-id=\"a4a5616\" data-element_type=\"column\">\n\t\t\t<div class=\"elementor-column-wrap\">\n\t\t\t\t\t\t\t<div class=\"elementor-widget-wrap\">\n\t\t\t\t\t\t\t\t<\/div>\n\t\t\t\t\t<\/div>\n\t\t<\/div>\n\t\t\t\t\t\t\t\t<\/div>\n\t\t\t\t\t<\/div>\n\t\t<\/section>\n\t\t\t\t\t\t\t\t\t<\/div>\n\t\t\t<\/div>\n\t\t\t\t\t<\/div>\n\t\t","protected":false},"excerpt":{"rendered":"<p>Motorinstandsetzung AUDI TFSI Motor instandgesetzt General\u00fcberholter Industriemotor BMW M42 Motor f\u00fcr 318is Youngtimer Ein Verbrennungsmotor kann nach entsprechendem Gebrauch verschiedene Sch\u00e4den aufweisen. Zur genauen Schadensanalyse werden die Motoren in unserem Hause zun\u00e4chst demontiert. S\u00e4mtliche Teile werden nach Demontage gr\u00fcndlich in einer Hei\u00dfwaschanlage gereinigt. Im Anschluss werden die Lagerstellen, Kolben, Zylinder, Kurbelwelle, Nockenwelle, etc. vermessen und [&hellip;]<\/p>\n","protected":false},"author":1,"featured_media":0,"parent":53,"menu_order":0,"comment_status":"closed","ping_status":"closed","template":"","meta":{"ngg_post_thumbnail":0},"_links":{"self":[{"href":"https:\/\/schroeter-motoren.de\/website\/wp-json\/wp\/v2\/pages\/115"}],"collection":[{"href":"https:\/\/schroeter-motoren.de\/website\/wp-json\/wp\/v2\/pages"}],"about":[{"href":"https:\/\/schroeter-motoren.de\/website\/wp-json\/wp\/v2\/types\/page"}],"author":[{"embeddable":true,"href":"https:\/\/schroeter-motoren.de\/website\/wp-json\/wp\/v2\/users\/1"}],"replies":[{"embeddable":true,"href":"https:\/\/schroeter-motoren.de\/website\/wp-json\/wp\/v2\/comments?post=115"}],"version-history":[{"count":15,"href":"https:\/\/schroeter-motoren.de\/website\/wp-json\/wp\/v2\/pages\/115\/revisions"}],"predecessor-version":[{"id":424,"href":"https:\/\/schroeter-motoren.de\/website\/wp-json\/wp\/v2\/pages\/115\/revisions\/424"}],"up":[{"embeddable":true,"href":"https:\/\/schroeter-motoren.de\/website\/wp-json\/wp\/v2\/pages\/53"}],"wp:attachment":[{"href":"https:\/\/schroeter-motoren.de\/website\/wp-json\/wp\/v2\/media?parent=115"}],"curies":[{"name":"wp","href":"https:\/\/api.w.org\/{rel}","templated":true}]}}