{"id":117,"date":"2018-06-14T14:25:46","date_gmt":"2018-06-14T12:25:46","guid":{"rendered":"http:\/\/schroeter-motoren.de\/website\/?page_id=117"},"modified":"2018-09-09T22:20:40","modified_gmt":"2018-09-09T20:20:40","slug":"zylinderkopfbearbeitung","status":"publish","type":"page","link":"https:\/\/schroeter-motoren.de\/website\/unsere-leistungen\/zylinderkopfbearbeitung\/","title":{"rendered":"Zylinderkopfbearbeitung"},"content":{"rendered":"<h2>Bearbeitung Zylinderkopf<\/h2>\n<p><span style=\"width: 1000px; height: 300px; margin-left: 30px; margin-right: 30px;\"><br \/>\n<video poster=\"https:\/\/schroeter-motoren.de\/video\/Zylinderkopf\/Zylinderkopf-schleifen.jpg\" controls=\"controls\" width=\"450px\" height=\"300px\"><source src=\"https:\/\/schroeter-motoren.de\/video\/Zylinderkopf\/Zylinderkopf-schleifen.mp4\" type=\"video\/mp4\"><source src=\"https:\/\/schroeter-motoren.de\/video\/Zylinderkopf\/Zylinderkopf-schleifen.webm\" type=\"video\/webm\"><\/video><\/span><span style=\"float: left; margin-right: 30px; margin-left: 30px;\"><img decoding=\"async\" style=\"width: 450px; height: 300px;\" src=\"http:\/\/schroeter-motoren.de\/wp-content\/uploads\/2018\/06\/Ventilsitz-fraesen-300x200.jpg\"><br \/>\n<\/span><\/p>\n<p><center> Ventilsitzbearbeitung und &#8222;Planen&#8220; des Zylinderkopfes <\/center><\/p>\n<p>Eine der h\u00e4ufigsten Ausfallursachen sowohl an Diesel- als auch an Ottomotoren ist der sogenannte Zylinderkopfdichtungsschaden. Durch eine \u00dcberhitzung des Motors infolge von Defekten am K\u00fchlsystem oder auch durch Erm\u00fcdung der Zylinderkopfdichtung selbst infolge hoher Laufleistungen kommt es zu Undichtheiten bei der Brennraumabdichtung zwischen Zylinderblock und Zylinderkopf. Durch \u00f6rtliches \u00dcberblasen von Verbrennungsgasen wird die Zylinderkopfdichtung erheblich gesch\u00e4digt, was letztendlich zum Totalausfall f\u00fchrt.<\/p>\n<p>Durch diesen Ausfall der Zylinderkopfdichtung wird auch der Zylinderkopf selbst im Bereich der Dichtfl\u00e4che besch\u00e4digt. H\u00e4ufig kommt es sogar zum Verzug des gesamten Zylinderkopfes durch \u00dcberhitzung des Motors.<\/p>\n<p>Eine fachgerechte Reparatur eines solchen Schadens setzt in jedem Fall das Instandsetzen des Zylinderkopfes voraus. Die Zylinderkopffl\u00e4che muss dazu plangeschliffen\/plangefr\u00e4st werden, um s\u00e4mtliche Besch\u00e4digungen und Verzug zu beseitigen. Nur durch diese Ma\u00dfnahme kann eine einwandfreie langanhaltende Funktion der neu eingesetzten Zylinderkopfdichtung gew\u00e4hrleistet werden.<\/p>\n<p>&nbsp;<\/p>\n<p>Ventilsitzbearbeitung \/ Ventil schleifen<br \/>\nW\u00e4hrend des Motorbetriebes treten selbstverst\u00e4ndlich auch Verschlei\u00dferscheinungen an Ventilen und Ventilsitzringen auf. Die Kontaktfl\u00e4che an Ventilen und Sitzringen wird dabei h\u00e4ufig derart in Mitleidenschaft gezogen, dass eine Dichtheit der Ventile im geschlossenen Zustand nicht mehr gew\u00e4hrleistet ist, was zu einem Kompressionsdruckverlust und dadurch zu schlechtem Motorlauf sowie Leistungsmangel f\u00fchrt.<\/p>\n<p>Wir bieten Ihnen zum Zwecke der Instandsetzung in diesem Bereich ein maschinelles dreidimensionales Formfr\u00e4sen der Ventilsitzringe an. Dabei wird die gesamte Kontur des Sitzringes wieder analog dem Neuzustand hergestellt. Die Ventile selbst werden gereinigt und auf einer speziellen Ventilschleifmaschine am Dichtsitz nachgeschliffen. Dadurch sind beide Kontaktfl\u00e4chen wieder &#8222;wie neu&#8220;, wodurch eine einwandfreie Dichtheit der Ventile im Zylinderkopf erreicht wird.<\/p>\n<p>&nbsp;<\/p>\n<p>Ein auf diese Art instandgesetzter Zylinderkopf steht in Funktion und Haltbarkeit einem Neuteil gleich. Die Instandsetzung von Zylinderk\u00f6pfen verschafft unseren Kunden einen teilweise erheblichen Preisvorteil im Vergleich zum Neu- oder Austauschteil.<\/p>\n<figure><img decoding=\"async\" loading=\"lazy\" src=\"http:\/\/schroeter-motoren.de\/wp-content\/uploads\/2018\/07\/Zylinderkopf-2-1024x381.jpg\" sizes=\"(max-width: 1024px) 100vw, 1024px\" srcset=\"https:\/\/schroeter-motoren.de\/wp-content\/uploads\/2018\/07\/Zylinderkopf-2.jpg 1024w, https:\/\/schroeter-motoren.de\/website\/wp-content\/uploads\/2018\/07\/Zylinderkopf-2-300x112.jpg 300w, https:\/\/schroeter-motoren.de\/wp-content\/uploads\/2018\/07\/Zylinderkopf-2-768x286.jpg 768w\" alt=\"\" width=\"1024\" height=\"381\"><figcaption>bearbeiteter Zylinderkopf<\/figcaption><\/figure>\n","protected":false},"excerpt":{"rendered":"<p>Bearbeitung Zylinderkopf Ventilsitzbearbeitung und &#8222;Planen&#8220; des Zylinderkopfes Eine der h\u00e4ufigsten Ausfallursachen sowohl an Diesel- als auch an Ottomotoren ist der sogenannte Zylinderkopfdichtungsschaden. Durch eine \u00dcberhitzung des Motors infolge von Defekten am K\u00fchlsystem oder auch durch Erm\u00fcdung der Zylinderkopfdichtung selbst infolge hoher Laufleistungen kommt es zu Undichtheiten bei der Brennraumabdichtung zwischen Zylinderblock und Zylinderkopf. Durch \u00f6rtliches [&hellip;]<\/p>\n","protected":false},"author":1,"featured_media":0,"parent":53,"menu_order":0,"comment_status":"closed","ping_status":"closed","template":"","meta":{"ngg_post_thumbnail":0},"_links":{"self":[{"href":"https:\/\/schroeter-motoren.de\/website\/wp-json\/wp\/v2\/pages\/117"}],"collection":[{"href":"https:\/\/schroeter-motoren.de\/website\/wp-json\/wp\/v2\/pages"}],"about":[{"href":"https:\/\/schroeter-motoren.de\/website\/wp-json\/wp\/v2\/types\/page"}],"author":[{"embeddable":true,"href":"https:\/\/schroeter-motoren.de\/website\/wp-json\/wp\/v2\/users\/1"}],"replies":[{"embeddable":true,"href":"https:\/\/schroeter-motoren.de\/website\/wp-json\/wp\/v2\/comments?post=117"}],"version-history":[{"count":77,"href":"https:\/\/schroeter-motoren.de\/website\/wp-json\/wp\/v2\/pages\/117\/revisions"}],"predecessor-version":[{"id":756,"href":"https:\/\/schroeter-motoren.de\/website\/wp-json\/wp\/v2\/pages\/117\/revisions\/756"}],"up":[{"embeddable":true,"href":"https:\/\/schroeter-motoren.de\/website\/wp-json\/wp\/v2\/pages\/53"}],"wp:attachment":[{"href":"https:\/\/schroeter-motoren.de\/website\/wp-json\/wp\/v2\/media?parent=117"}],"curies":[{"name":"wp","href":"https:\/\/api.w.org\/{rel}","templated":true}]}}