{"id":125,"date":"2018-06-14T14:27:25","date_gmt":"2018-06-14T12:27:25","guid":{"rendered":"http:\/\/schroeter-motoren.de\/website\/?page_id=125"},"modified":"2018-09-10T09:08:04","modified_gmt":"2018-09-10T07:08:04","slug":"fahrzeugreparaturen","status":"publish","type":"page","link":"https:\/\/schroeter-motoren.de\/website\/unsere-leistungen\/fahrzeugreparaturen\/","title":{"rendered":"Fahrzeugreparaturen"},"content":{"rendered":"\t\t<div data-elementor-type=\"wp-post\" data-elementor-id=\"125\" class=\"elementor elementor-125 elementor-bc-flex-widget\">\n\t\t\t\t\t\t<div class=\"elementor-inner\">\n\t\t\t\t<div class=\"elementor-section-wrap\">\n\t\t\t\t\t\t\t\t\t<section class=\"elementor-section elementor-top-section elementor-element elementor-element-f157dbd elementor-section-boxed elementor-section-height-default elementor-section-height-default\" data-id=\"f157dbd\" data-element_type=\"section\">\n\t\t\t\t\t\t<div class=\"elementor-container elementor-column-gap-default\">\n\t\t\t\t\t\t\t<div class=\"elementor-row\">\n\t\t\t\t\t<div class=\"elementor-column elementor-col-100 elementor-top-column elementor-element elementor-element-a2fce81\" data-id=\"a2fce81\" data-element_type=\"column\">\n\t\t\t<div class=\"elementor-column-wrap elementor-element-populated\">\n\t\t\t\t\t\t\t<div class=\"elementor-widget-wrap\">\n\t\t\t\t\t\t<div class=\"elementor-element elementor-element-9fa6b03 elementor-widget elementor-widget-heading\" data-id=\"9fa6b03\" data-element_type=\"widget\" data-widget_type=\"heading.default\">\n\t\t\t\t<div class=\"elementor-widget-container\">\n\t\t\t<h2 class=\"elementor-heading-title elementor-size-default\">Fahrzeugreparatur<\/h2>\t\t<\/div>\n\t\t\t\t<\/div>\n\t\t\t\t\t\t<\/div>\n\t\t\t\t\t<\/div>\n\t\t<\/div>\n\t\t\t\t\t\t\t\t<\/div>\n\t\t\t\t\t<\/div>\n\t\t<\/section>\n\t\t\t\t<section class=\"elementor-section elementor-top-section elementor-element elementor-element-1aa1e4b elementor-section-boxed elementor-section-height-default elementor-section-height-default\" data-id=\"1aa1e4b\" data-element_type=\"section\">\n\t\t\t\t\t\t<div class=\"elementor-container elementor-column-gap-default\">\n\t\t\t\t\t\t\t<div class=\"elementor-row\">\n\t\t\t\t\t<div class=\"elementor-column elementor-col-100 elementor-top-column elementor-element elementor-element-5fbd5a7\" data-id=\"5fbd5a7\" data-element_type=\"column\">\n\t\t\t<div class=\"elementor-column-wrap elementor-element-populated\">\n\t\t\t\t\t\t\t<div class=\"elementor-widget-wrap\">\n\t\t\t\t\t\t<section class=\"elementor-section elementor-inner-section elementor-element elementor-element-50d7596 elementor-section-boxed elementor-section-height-default elementor-section-height-default\" data-id=\"50d7596\" data-element_type=\"section\">\n\t\t\t\t\t\t<div class=\"elementor-container elementor-column-gap-default\">\n\t\t\t\t\t\t\t<div class=\"elementor-row\">\n\t\t\t\t\t<div class=\"elementor-column elementor-col-50 elementor-inner-column elementor-element elementor-element-f221618\" data-id=\"f221618\" data-element_type=\"column\">\n\t\t\t<div class=\"elementor-column-wrap elementor-element-populated\">\n\t\t\t\t\t\t\t<div class=\"elementor-widget-wrap\">\n\t\t\t\t\t\t<div class=\"elementor-element elementor-element-6449671 elementor-widget elementor-widget-image\" data-id=\"6449671\" data-element_type=\"widget\" data-widget_type=\"image.default\">\n\t\t\t\t<div class=\"elementor-widget-container\">\n\t\t\t\t\t\t\t\t<div class=\"elementor-image\">\n\t\t\t\t\t\t\t\t\t<figure class=\"wp-caption\">\n\t\t\t\t\t\t\t\t\t\t<img decoding=\"async\" width=\"1024\" height=\"576\" src=\"https:\/\/schroeter-motoren.de\/wp-content\/uploads\/2018\/09\/Fahrzeugreparatur2.1_komprimiert-1.jpg\" class=\"attachment-full size-full wp-image-713\" alt=\"\" loading=\"lazy\" srcset=\"https:\/\/schroeter-motoren.de\/wp-content\/uploads\/2018\/09\/Fahrzeugreparatur2.1_komprimiert-1.jpg 1024w, https:\/\/schroeter-motoren.de\/wp-content\/uploads\/2018\/09\/Fahrzeugreparatur2.1_komprimiert-1-300x169.jpg 300w, https:\/\/schroeter-motoren.de\/wp-content\/uploads\/2018\/09\/Fahrzeugreparatur2.1_komprimiert-1-768x432.jpg 768w\" sizes=\"(max-width: 1024px) 100vw, 1024px\" \/>\t\t\t\t\t\t\t\t\t\t\t<figcaption class=\"widget-image-caption wp-caption-text\">Reparatur eines Fahrzeuges<\/figcaption>\n\t\t\t\t\t\t\t\t\t\t<\/figure>\n\t\t\t\t\t\t\t\t<\/div>\n\t\t\t\t\t\t<\/div>\n\t\t\t\t<\/div>\n\t\t\t\t\t\t<\/div>\n\t\t\t\t\t<\/div>\n\t\t<\/div>\n\t\t\t\t<div class=\"elementor-column elementor-col-50 elementor-inner-column elementor-element elementor-element-957a3b0\" data-id=\"957a3b0\" data-element_type=\"column\">\n\t\t\t<div class=\"elementor-column-wrap elementor-element-populated\">\n\t\t\t\t\t\t\t<div class=\"elementor-widget-wrap\">\n\t\t\t\t\t\t<div class=\"elementor-element elementor-element-d53a9e9 elementor-widget elementor-widget-image\" data-id=\"d53a9e9\" data-element_type=\"widget\" data-widget_type=\"image.default\">\n\t\t\t\t<div class=\"elementor-widget-container\">\n\t\t\t\t\t\t\t\t<div class=\"elementor-image\">\n\t\t\t\t\t\t\t\t\t<figure class=\"wp-caption\">\n\t\t\t\t\t\t\t\t\t\t<img decoding=\"async\" src=\"https:\/\/schroeter-motoren.de\/wp-content\/uploads\/2018\/07\/IMG_4094.jpg\" title=\"IMG_4094\" alt=\"IMG_4094\" loading=\"lazy\" \/>\t\t\t\t\t\t\t\t\t\t\t<figcaption class=\"widget-image-caption wp-caption-text\">Motorenreparatur im eingebauten Zustand<\/figcaption>\n\t\t\t\t\t\t\t\t\t\t<\/figure>\n\t\t\t\t\t\t\t\t<\/div>\n\t\t\t\t\t\t<\/div>\n\t\t\t\t<\/div>\n\t\t\t\t\t\t<\/div>\n\t\t\t\t\t<\/div>\n\t\t<\/div>\n\t\t\t\t\t\t\t\t<\/div>\n\t\t\t\t\t<\/div>\n\t\t<\/section>\n\t\t\t\t\t\t<\/div>\n\t\t\t\t\t<\/div>\n\t\t<\/div>\n\t\t\t\t\t\t\t\t<\/div>\n\t\t\t\t\t<\/div>\n\t\t<\/section>\n\t\t\t\t<section class=\"elementor-section elementor-top-section elementor-element elementor-element-285ddf4 elementor-section-boxed elementor-section-height-default elementor-section-height-default\" data-id=\"285ddf4\" data-element_type=\"section\">\n\t\t\t\t\t\t<div class=\"elementor-container elementor-column-gap-default\">\n\t\t\t\t\t\t\t<div class=\"elementor-row\">\n\t\t\t\t\t<div class=\"elementor-column elementor-col-100 elementor-top-column elementor-element elementor-element-f179d02\" data-id=\"f179d02\" data-element_type=\"column\">\n\t\t\t<div class=\"elementor-column-wrap elementor-element-populated\">\n\t\t\t\t\t\t\t<div class=\"elementor-widget-wrap\">\n\t\t\t\t\t\t<div class=\"elementor-element elementor-element-dd6d8cd elementor-widget elementor-widget-text-editor\" data-id=\"dd6d8cd\" data-element_type=\"widget\" data-widget_type=\"text-editor.default\">\n\t\t\t\t<div class=\"elementor-widget-container\">\n\t\t\t\t\t\t\t\t<div class=\"elementor-text-editor elementor-clearfix\">\n\t\t\t\t<p>Um eine umfassende Motoreninstandsetzung oder General\u00fcberholung ausf\u00fchren zu k\u00f6nnen, muss der Motor naturgem\u00e4\u00df aus dem entsprechenden Fahrzeug ausgebaut und nach Abschluss der Instandsetzung wieder eingebaut werden.<\/p><p>F\u00fcr Pkw und Transporter bieten wir unseren Kunden auch den Aus- und Einbau neben der Instandsetzung des Motors an. Sie erhalten dadurch eine Komplettleistung aus einer Hand. Besonderes Augenmerk legen wir dabei auf die Beseitigung der Ursache der Motorsch\u00e4den, welche sich h\u00e4ufig in der Motorperipherie, also am Fahrzeug befinden.<\/p><p>Weiterhin treten an Fahrzeugmotoren h\u00e4ufig kleinere Sch\u00e4den am Motor auf, welche im eingebauten Zustand sozusagen am Fahrzeug reparabel sind. Dabei werden nur einzelne Baugruppen vom Motor aus dem Fahrzeug ausgebaut. Klassisches Beispiel ist ein Zylinderkopfdichtungsschaden, bei dem lediglich der Zylinderkopf aus dem Fahrzeug ausgebaut, instandgesetzt und wieder eingebaut wird. Auch diese Leistungen k\u00f6nnen in unserem Hause ausgef\u00fchrt werden.<\/p><p>\u00a0<\/p>\t\t\t\t\t<\/div>\n\t\t\t\t\t\t<\/div>\n\t\t\t\t<\/div>\n\t\t\t\t\t\t<\/div>\n\t\t\t\t\t<\/div>\n\t\t<\/div>\n\t\t\t\t\t\t\t\t<\/div>\n\t\t\t\t\t<\/div>\n\t\t<\/section>\n\t\t\t\t\t\t\t\t\t<\/div>\n\t\t\t<\/div>\n\t\t\t\t\t<\/div>\n\t\t","protected":false},"excerpt":{"rendered":"<p>Fahrzeugreparatur Reparatur eines Fahrzeuges Motorenreparatur im eingebauten Zustand Um eine umfassende Motoreninstandsetzung oder General\u00fcberholung ausf\u00fchren zu k\u00f6nnen, muss der Motor naturgem\u00e4\u00df aus dem entsprechenden Fahrzeug ausgebaut und nach Abschluss der Instandsetzung wieder eingebaut werden. F\u00fcr Pkw und Transporter bieten wir unseren Kunden auch den Aus- und Einbau neben der Instandsetzung des Motors an. Sie erhalten [&hellip;]<\/p>\n","protected":false},"author":1,"featured_media":0,"parent":53,"menu_order":0,"comment_status":"closed","ping_status":"closed","template":"","meta":{"ngg_post_thumbnail":0},"_links":{"self":[{"href":"https:\/\/schroeter-motoren.de\/website\/wp-json\/wp\/v2\/pages\/125"}],"collection":[{"href":"https:\/\/schroeter-motoren.de\/website\/wp-json\/wp\/v2\/pages"}],"about":[{"href":"https:\/\/schroeter-motoren.de\/website\/wp-json\/wp\/v2\/types\/page"}],"author":[{"embeddable":true,"href":"https:\/\/schroeter-motoren.de\/website\/wp-json\/wp\/v2\/users\/1"}],"replies":[{"embeddable":true,"href":"https:\/\/schroeter-motoren.de\/website\/wp-json\/wp\/v2\/comments?post=125"}],"version-history":[{"count":10,"href":"https:\/\/schroeter-motoren.de\/website\/wp-json\/wp\/v2\/pages\/125\/revisions"}],"predecessor-version":[{"id":765,"href":"https:\/\/schroeter-motoren.de\/website\/wp-json\/wp\/v2\/pages\/125\/revisions\/765"}],"up":[{"embeddable":true,"href":"https:\/\/schroeter-motoren.de\/website\/wp-json\/wp\/v2\/pages\/53"}],"wp:attachment":[{"href":"https:\/\/schroeter-motoren.de\/website\/wp-json\/wp\/v2\/media?parent=125"}],"curies":[{"name":"wp","href":"https:\/\/api.w.org\/{rel}","templated":true}]}}