{"id":127,"date":"2018-06-14T14:27:41","date_gmt":"2018-06-14T12:27:41","guid":{"rendered":"http:\/\/schroeter-motoren.de\/website\/?page_id=127"},"modified":"2018-07-13T13:29:11","modified_gmt":"2018-07-13T11:29:11","slug":"motoren-fuer-oldtimer","status":"publish","type":"page","link":"https:\/\/schroeter-motoren.de\/website\/unsere-leistungen\/motoren-fuer-oldtimer\/","title":{"rendered":"Motoren f\u00fcr Oldtimer"},"content":{"rendered":"\t\t<div data-elementor-type=\"wp-post\" data-elementor-id=\"127\" class=\"elementor elementor-127 elementor-bc-flex-widget\">\n\t\t\t\t\t\t<div class=\"elementor-inner\">\n\t\t\t\t<div class=\"elementor-section-wrap\">\n\t\t\t\t\t\t\t\t\t<section class=\"elementor-section elementor-top-section elementor-element elementor-element-42e80fc elementor-section-boxed elementor-section-height-default elementor-section-height-default\" data-id=\"42e80fc\" data-element_type=\"section\">\n\t\t\t\t\t\t<div class=\"elementor-container elementor-column-gap-default\">\n\t\t\t\t\t\t\t<div class=\"elementor-row\">\n\t\t\t\t\t<div class=\"elementor-column elementor-col-100 elementor-top-column elementor-element elementor-element-c418821\" data-id=\"c418821\" data-element_type=\"column\">\n\t\t\t<div class=\"elementor-column-wrap elementor-element-populated\">\n\t\t\t\t\t\t\t<div class=\"elementor-widget-wrap\">\n\t\t\t\t\t\t<div class=\"elementor-element elementor-element-ec94991 elementor-widget elementor-widget-heading\" data-id=\"ec94991\" data-element_type=\"widget\" data-widget_type=\"heading.default\">\n\t\t\t\t<div class=\"elementor-widget-container\">\n\t\t\t<h2 class=\"elementor-heading-title elementor-size-default\">Motoren f\u00fcr Oldtimer<\/h2>\t\t<\/div>\n\t\t\t\t<\/div>\n\t\t\t\t\t\t<\/div>\n\t\t\t\t\t<\/div>\n\t\t<\/div>\n\t\t\t\t\t\t\t\t<\/div>\n\t\t\t\t\t<\/div>\n\t\t<\/section>\n\t\t\t\t<section class=\"elementor-section elementor-top-section elementor-element elementor-element-d219b02 elementor-section-boxed elementor-section-height-default elementor-section-height-default\" data-id=\"d219b02\" data-element_type=\"section\">\n\t\t\t\t\t\t<div class=\"elementor-container elementor-column-gap-default\">\n\t\t\t\t\t\t\t<div class=\"elementor-row\">\n\t\t\t\t\t<div class=\"elementor-column elementor-col-50 elementor-top-column elementor-element elementor-element-2a4c32f\" data-id=\"2a4c32f\" data-element_type=\"column\">\n\t\t\t<div class=\"elementor-column-wrap elementor-element-populated\">\n\t\t\t\t\t\t\t<div class=\"elementor-widget-wrap\">\n\t\t\t\t\t\t<div class=\"elementor-element elementor-element-541339a elementor-widget elementor-widget-image\" data-id=\"541339a\" data-element_type=\"widget\" data-widget_type=\"image.default\">\n\t\t\t\t<div class=\"elementor-widget-container\">\n\t\t\t\t\t\t\t\t<div class=\"elementor-image\">\n\t\t\t\t\t\t\t\t\t<figure class=\"wp-caption\">\n\t\t\t\t\t\t\t\t\t\t<img decoding=\"async\" src=\"https:\/\/schroeter-motoren.de\/wp-content\/uploads\/2018\/06\/mercedes_benz_280se_schroeter_motoren.jpg\" title=\"mercedes_benz_280se_schroeter_motoren\" alt=\"mercedes_benz_280se_schroeter_motoren\" loading=\"lazy\" \/>\t\t\t\t\t\t\t\t\t\t\t<figcaption class=\"widget-image-caption wp-caption-text\">Mercedes Benz 280SE...<\/figcaption>\n\t\t\t\t\t\t\t\t\t\t<\/figure>\n\t\t\t\t\t\t\t\t<\/div>\n\t\t\t\t\t\t<\/div>\n\t\t\t\t<\/div>\n\t\t\t\t\t\t<\/div>\n\t\t\t\t\t<\/div>\n\t\t<\/div>\n\t\t\t\t<div class=\"elementor-column elementor-col-50 elementor-top-column elementor-element elementor-element-a0a4868\" data-id=\"a0a4868\" data-element_type=\"column\">\n\t\t\t<div class=\"elementor-column-wrap elementor-element-populated\">\n\t\t\t\t\t\t\t<div class=\"elementor-widget-wrap\">\n\t\t\t\t\t\t<div class=\"elementor-element elementor-element-307b994 elementor-widget elementor-widget-image\" data-id=\"307b994\" data-element_type=\"widget\" data-widget_type=\"image.default\">\n\t\t\t\t<div class=\"elementor-widget-container\">\n\t\t\t\t\t\t\t\t<div class=\"elementor-image\">\n\t\t\t\t\t\t\t\t\t<figure class=\"wp-caption\">\n\t\t\t\t\t\t\t\t\t\t<img decoding=\"async\" src=\"https:\/\/schroeter-motoren.de\/wp-content\/uploads\/2018\/06\/motor-eingebaut-schroeter-motoren-oldtimer-1.jpg\" title=\"motor-eingebaut-schroeter-motoren-oldtimer\" alt=\"motor-eingebaut-schroeter-motoren-oldtimer\" loading=\"lazy\" \/>\t\t\t\t\t\t\t\t\t\t\t<figcaption class=\"widget-image-caption wp-caption-text\">...mit general\u00fcberholtem Motor<\/figcaption>\n\t\t\t\t\t\t\t\t\t\t<\/figure>\n\t\t\t\t\t\t\t\t<\/div>\n\t\t\t\t\t\t<\/div>\n\t\t\t\t<\/div>\n\t\t\t\t\t\t<\/div>\n\t\t\t\t\t<\/div>\n\t\t<\/div>\n\t\t\t\t\t\t\t\t<\/div>\n\t\t\t\t\t<\/div>\n\t\t<\/section>\n\t\t\t\t<section class=\"elementor-section elementor-top-section elementor-element elementor-element-13cbbc9 elementor-section-boxed elementor-section-height-default elementor-section-height-default\" data-id=\"13cbbc9\" data-element_type=\"section\">\n\t\t\t\t\t\t<div class=\"elementor-container elementor-column-gap-default\">\n\t\t\t\t\t\t\t<div class=\"elementor-row\">\n\t\t\t\t\t<div class=\"elementor-column elementor-col-100 elementor-top-column elementor-element elementor-element-5a567b3\" data-id=\"5a567b3\" data-element_type=\"column\">\n\t\t\t<div class=\"elementor-column-wrap elementor-element-populated\">\n\t\t\t\t\t\t\t<div class=\"elementor-widget-wrap\">\n\t\t\t\t\t\t<div class=\"elementor-element elementor-element-4f44c69 elementor-widget elementor-widget-text-editor\" data-id=\"4f44c69\" data-element_type=\"widget\" data-widget_type=\"text-editor.default\">\n\t\t\t\t<div class=\"elementor-widget-container\">\n\t\t\t\t\t\t\t\t<div class=\"elementor-text-editor elementor-clearfix\">\n\t\t\t\t<p>Motoren f\u00fcr Young- und Oldtimer\u00a0<\/p><p>Auch die alte Technik kann begeistern!<br \/>Gerade in einer Zeit der st\u00e4ndigen Ver\u00e4nderung und in einer Welt der Informationsflut besinnt sich so Mancher auf das Althergebrachte und erfreut sich an Erinnerungen und Nostalgie. Als Besitzer klassischer Fahrzeuge, Veteranen, Oldtimer und solche die es einmal werden m\u00f6chten, bieten wir Ihnen Reparaturen und \u00dcberholungen Ihrer Motoren an und sind gerne bei der Beschaffung von Ersatzteilen und technischen Unterlagen behilflich. <br \/>So mancher Motor aus historischen Fahrzeugen ist bei uns zu neuem Leben erwacht.<\/p><p>\u00a0<\/p>\t\t\t\t\t<\/div>\n\t\t\t\t\t\t<\/div>\n\t\t\t\t<\/div>\n\t\t\t\t\t\t<\/div>\n\t\t\t\t\t<\/div>\n\t\t<\/div>\n\t\t\t\t\t\t\t\t<\/div>\n\t\t\t\t\t<\/div>\n\t\t<\/section>\n\t\t\t\t<section class=\"elementor-section elementor-top-section elementor-element elementor-element-db68c80 elementor-section-boxed elementor-section-height-default elementor-section-height-default\" data-id=\"db68c80\" data-element_type=\"section\">\n\t\t\t\t\t\t<div class=\"elementor-container elementor-column-gap-default\">\n\t\t\t\t\t\t\t<div class=\"elementor-row\">\n\t\t\t\t\t<div class=\"elementor-column elementor-col-50 elementor-top-column elementor-element elementor-element-74c8b59\" data-id=\"74c8b59\" data-element_type=\"column\">\n\t\t\t<div class=\"elementor-column-wrap elementor-element-populated\">\n\t\t\t\t\t\t\t<div class=\"elementor-widget-wrap\">\n\t\t\t\t\t\t<div class=\"elementor-element elementor-element-667059b elementor-widget elementor-widget-image\" data-id=\"667059b\" data-element_type=\"widget\" data-widget_type=\"image.default\">\n\t\t\t\t<div class=\"elementor-widget-container\">\n\t\t\t\t\t\t\t\t<div class=\"elementor-image\">\n\t\t\t\t\t\t\t\t\t<figure class=\"wp-caption\">\n\t\t\t\t\t\t\t\t\t\t<img decoding=\"async\" src=\"https:\/\/schroeter-motoren.de\/wp-content\/uploads\/2018\/06\/alfa_spider_schroeter_motoren.jpg\" title=\"alfa_spider_schroeter_motoren\" alt=\"alfa_spider_schroeter_motoren\" loading=\"lazy\" \/>\t\t\t\t\t\t\t\t\t\t\t<figcaption class=\"widget-image-caption wp-caption-text\">Instandgesetzter Motor Alfa Romeo Spider<\/figcaption>\n\t\t\t\t\t\t\t\t\t\t<\/figure>\n\t\t\t\t\t\t\t\t<\/div>\n\t\t\t\t\t\t<\/div>\n\t\t\t\t<\/div>\n\t\t\t\t\t\t<\/div>\n\t\t\t\t\t<\/div>\n\t\t<\/div>\n\t\t\t\t<div class=\"elementor-column elementor-col-50 elementor-top-column elementor-element elementor-element-6c46172\" data-id=\"6c46172\" data-element_type=\"column\">\n\t\t\t<div class=\"elementor-column-wrap elementor-element-populated\">\n\t\t\t\t\t\t\t<div class=\"elementor-widget-wrap\">\n\t\t\t\t\t\t<div class=\"elementor-element elementor-element-c3389ba elementor-widget elementor-widget-image\" data-id=\"c3389ba\" data-element_type=\"widget\" data-widget_type=\"image.default\">\n\t\t\t\t<div class=\"elementor-widget-container\">\n\t\t\t\t\t\t\t\t<div class=\"elementor-image\">\n\t\t\t\t\t\t\t\t\t<figure class=\"wp-caption\">\n\t\t\t\t\t\t\t\t\t\t<img decoding=\"async\" src=\"https:\/\/schroeter-motoren.de\/wp-content\/uploads\/2018\/06\/mercedes_benz_om315_schroeter_motoren.jpg\" title=\"mercedes_benz_om315_schroeter_motoren\" alt=\"mercedes_benz_om315_schroeter_motoren\" loading=\"lazy\" \/>\t\t\t\t\t\t\t\t\t\t\t<figcaption class=\"widget-image-caption wp-caption-text\">Mercedes Benz OM 315 general\u00fcberholt<\/figcaption>\n\t\t\t\t\t\t\t\t\t\t<\/figure>\n\t\t\t\t\t\t\t\t<\/div>\n\t\t\t\t\t\t<\/div>\n\t\t\t\t<\/div>\n\t\t\t\t\t\t<\/div>\n\t\t\t\t\t<\/div>\n\t\t<\/div>\n\t\t\t\t\t\t\t\t<\/div>\n\t\t\t\t\t<\/div>\n\t\t<\/section>\n\t\t\t\t<section class=\"elementor-section elementor-top-section elementor-element elementor-element-c8a3c2e elementor-section-boxed elementor-section-height-default elementor-section-height-default\" data-id=\"c8a3c2e\" data-element_type=\"section\">\n\t\t\t\t\t\t<div class=\"elementor-container elementor-column-gap-default\">\n\t\t\t\t\t\t\t<div class=\"elementor-row\">\n\t\t\t\t\t<div class=\"elementor-column elementor-col-100 elementor-top-column elementor-element elementor-element-d5a828b\" data-id=\"d5a828b\" data-element_type=\"column\">\n\t\t\t<div class=\"elementor-column-wrap\">\n\t\t\t\t\t\t\t<div class=\"elementor-widget-wrap\">\n\t\t\t\t\t\t\t\t<\/div>\n\t\t\t\t\t<\/div>\n\t\t<\/div>\n\t\t\t\t\t\t\t\t<\/div>\n\t\t\t\t\t<\/div>\n\t\t<\/section>\n\t\t\t\t\t\t\t\t\t<\/div>\n\t\t\t<\/div>\n\t\t\t\t\t<\/div>\n\t\t","protected":false},"excerpt":{"rendered":"<p>Motoren f\u00fcr Oldtimer Mercedes Benz 280SE&#8230; &#8230;mit general\u00fcberholtem Motor Motoren f\u00fcr Young- und Oldtimer\u00a0 Auch die alte Technik kann begeistern!Gerade in einer Zeit der st\u00e4ndigen Ver\u00e4nderung und in einer Welt der Informationsflut besinnt sich so Mancher auf das Althergebrachte und erfreut sich an Erinnerungen und Nostalgie. Als Besitzer klassischer Fahrzeuge, Veteranen, Oldtimer und solche die [&hellip;]<\/p>\n","protected":false},"author":1,"featured_media":0,"parent":53,"menu_order":0,"comment_status":"closed","ping_status":"closed","template":"","meta":{"ngg_post_thumbnail":0},"_links":{"self":[{"href":"https:\/\/schroeter-motoren.de\/website\/wp-json\/wp\/v2\/pages\/127"}],"collection":[{"href":"https:\/\/schroeter-motoren.de\/website\/wp-json\/wp\/v2\/pages"}],"about":[{"href":"https:\/\/schroeter-motoren.de\/website\/wp-json\/wp\/v2\/types\/page"}],"author":[{"embeddable":true,"href":"https:\/\/schroeter-motoren.de\/website\/wp-json\/wp\/v2\/users\/1"}],"replies":[{"embeddable":true,"href":"https:\/\/schroeter-motoren.de\/website\/wp-json\/wp\/v2\/comments?post=127"}],"version-history":[{"count":4,"href":"https:\/\/schroeter-motoren.de\/website\/wp-json\/wp\/v2\/pages\/127\/revisions"}],"predecessor-version":[{"id":310,"href":"https:\/\/schroeter-motoren.de\/website\/wp-json\/wp\/v2\/pages\/127\/revisions\/310"}],"up":[{"embeddable":true,"href":"https:\/\/schroeter-motoren.de\/website\/wp-json\/wp\/v2\/pages\/53"}],"wp:attachment":[{"href":"https:\/\/schroeter-motoren.de\/website\/wp-json\/wp\/v2\/media?parent=127"}],"curies":[{"name":"wp","href":"https:\/\/api.w.org\/{rel}","templated":true}]}}