{"id":143,"date":"2018-06-14T14:57:36","date_gmt":"2018-06-14T12:57:36","guid":{"rendered":"http:\/\/schroeter-motoren.de\/website\/?page_id=143"},"modified":"2019-04-11T12:34:42","modified_gmt":"2019-04-11T10:34:42","slug":"stellenanzeige","status":"publish","type":"page","link":"https:\/\/schroeter-motoren.de\/website\/stellenanzeige\/","title":{"rendered":"Stellenanzeige"},"content":{"rendered":"\t\t<div data-elementor-type=\"wp-post\" data-elementor-id=\"143\" class=\"elementor elementor-143 elementor-bc-flex-widget\">\n\t\t\t\t\t\t<div class=\"elementor-inner\">\n\t\t\t\t<div class=\"elementor-section-wrap\">\n\t\t\t\t\t\t\t\t\t<section class=\"elementor-section elementor-top-section elementor-element elementor-element-2292b3c elementor-section-boxed elementor-section-height-default elementor-section-height-default\" data-id=\"2292b3c\" data-element_type=\"section\">\n\t\t\t\t\t\t<div class=\"elementor-container elementor-column-gap-default\">\n\t\t\t\t\t\t\t<div class=\"elementor-row\">\n\t\t\t\t\t<div class=\"elementor-column elementor-col-100 elementor-top-column elementor-element elementor-element-0054b29\" data-id=\"0054b29\" data-element_type=\"column\">\n\t\t\t<div class=\"elementor-column-wrap elementor-element-populated\">\n\t\t\t\t\t\t\t<div class=\"elementor-widget-wrap\">\n\t\t\t\t\t\t<div class=\"elementor-element elementor-element-1a8c1f8 elementor-widget elementor-widget-image\" data-id=\"1a8c1f8\" data-element_type=\"widget\" data-widget_type=\"image.default\">\n\t\t\t\t<div class=\"elementor-widget-container\">\n\t\t\t\t\t\t\t\t<div class=\"elementor-image\">\n\t\t\t\t\t\t\t\t\t\t\t\t<img decoding=\"async\" width=\"1076\" height=\"404\" src=\"https:\/\/schroeter-motoren.de\/wp-content\/uploads\/2019\/04\/Karriere-zugeschnitten1.jpg\" class=\"attachment-full size-full wp-image-919\" alt=\"\" loading=\"lazy\" srcset=\"https:\/\/schroeter-motoren.de\/wp-content\/uploads\/2019\/04\/Karriere-zugeschnitten1.jpg 1076w, https:\/\/schroeter-motoren.de\/wp-content\/uploads\/2019\/04\/Karriere-zugeschnitten1-300x113.jpg 300w, https:\/\/schroeter-motoren.de\/wp-content\/uploads\/2019\/04\/Karriere-zugeschnitten1-768x288.jpg 768w, https:\/\/schroeter-motoren.de\/wp-content\/uploads\/2019\/04\/Karriere-zugeschnitten1-1024x384.jpg 1024w\" sizes=\"(max-width: 1076px) 100vw, 1076px\" \/>\t\t\t\t\t\t\t\t\t\t\t\t\t\t<\/div>\n\t\t\t\t\t\t<\/div>\n\t\t\t\t<\/div>\n\t\t\t\t\t\t<\/div>\n\t\t\t\t\t<\/div>\n\t\t<\/div>\n\t\t\t\t\t\t\t\t<\/div>\n\t\t\t\t\t<\/div>\n\t\t<\/section>\n\t\t\t\t<section class=\"elementor-section elementor-top-section elementor-element elementor-element-f9a12df elementor-section-boxed elementor-section-height-default elementor-section-height-default\" data-id=\"f9a12df\" data-element_type=\"section\">\n\t\t\t\t\t\t<div class=\"elementor-container elementor-column-gap-default\">\n\t\t\t\t\t\t\t<div class=\"elementor-row\">\n\t\t\t\t\t<div class=\"elementor-column elementor-col-100 elementor-top-column elementor-element elementor-element-a39e5b5\" data-id=\"a39e5b5\" data-element_type=\"column\">\n\t\t\t<div class=\"elementor-column-wrap elementor-element-populated\">\n\t\t\t\t\t\t\t<div class=\"elementor-widget-wrap\">\n\t\t\t\t\t\t<div class=\"elementor-element elementor-element-a80bc7c elementor-widget elementor-widget-text-editor\" data-id=\"a80bc7c\" data-element_type=\"widget\" data-widget_type=\"text-editor.default\">\n\t\t\t\t<div class=\"elementor-widget-container\">\n\t\t\t\t\t\t\t\t<div class=\"elementor-text-editor elementor-clearfix\">\n\t\t\t\t<div style=\"font-size: 15px;\">Wir suchen f\u00fcr unsere Werkstatt eine tatkr\u00e4ftige Unterst\u00fctzung im Bereich Fahrzeugreparaturen sowie Motoreninstandsetzung.<\/div><p>\u00a0<\/p><div style=\"font-size: 20px;\">Anforderungen:<\/div><div style=\"font-size: 15px;\"><div><div style=\"float: left;\">\u2022<\/div><div style=\"margin-left: 10px;\">Abgeschlossene Berufsausbildung als KFZ- Mechaniker oder Zerspanungsfacharbeiter<\/div><\/div><div><div style=\"float: left;\">\u2022<\/div><div style=\"margin-left: 10px;\">Erfahrung im Umgang mit Verbrennungsmotoren<\/div><\/div><div><div style=\"float: left;\">\u2022<\/div><div style=\"margin-left: 10px;\">Bereitschaft zum Ausbau eigener Fertigkeiten im Umgang mit Werkzeugmaschinen zur Motoreninstandsetzung<\/div><\/div><div><div style=\"float: left;\">\u2022<\/div><div style=\"margin-left: 10px;\">Teamf\u00e4higkeit<\/div><\/div><div><div style=\"float: left;\">\u2022<\/div><div style=\"margin-left: 10px;\">PKW-F\u00fchrerschein<\/div><\/div><\/div><p>\u00a0<\/p><div style=\"font-size: 20px;\">Wir bieten Ihnen:<\/div><div style=\"font-size: 15px;\"><div><div style=\"float: left;\">\u2022<\/div><div style=\"margin-left: 10px;\">Ein abwechslungsreiches anspruchsvolles Aufgabengebiet<\/div><\/div><div><div style=\"float: left;\">\u2022<\/div><div style=\"margin-left: 10px;\">Weiterbildungsm\u00f6glichkeiten<\/div><\/div><div><div style=\"float: left;\">\u2022<\/div><div style=\"margin-left: 10px;\">Vollzeitbesch\u00e4ftigung (40h Woche Mo-Fr)<\/div><\/div><div><div style=\"float: left;\">\u2022<\/div><div style=\"margin-left: 10px;\">Geregelte Arbeitszeiten<\/div><\/div><div><div style=\"float: left;\">\u2022<\/div><div style=\"margin-left: 10px;\">Unbefristete Anstellung nach Probezeit<\/div><\/div><\/div><p>\u00a0<\/p><div style=\"font-size: 20px;\">Bei Interesse senden Sie Ihre Bewerbungsunterlagen per E-Mail an: info@schroeter-motoren.de.<\/div>\t\t\t\t\t<\/div>\n\t\t\t\t\t\t<\/div>\n\t\t\t\t<\/div>\n\t\t\t\t\t\t<\/div>\n\t\t\t\t\t<\/div>\n\t\t<\/div>\n\t\t\t\t\t\t\t\t<\/div>\n\t\t\t\t\t<\/div>\n\t\t<\/section>\n\t\t\t\t\t\t\t\t\t<\/div>\n\t\t\t<\/div>\n\t\t\t\t\t<\/div>\n\t\t","protected":false},"excerpt":{"rendered":"<p>Wir suchen f\u00fcr unsere Werkstatt eine tatkr\u00e4ftige Unterst\u00fctzung im Bereich Fahrzeugreparaturen sowie Motoreninstandsetzung. \u00a0 Anforderungen:\u2022Abgeschlossene Berufsausbildung als KFZ- Mechaniker oder Zerspanungsfacharbeiter\u2022Erfahrung im Umgang mit Verbrennungsmotoren\u2022Bereitschaft zum Ausbau eigener Fertigkeiten im Umgang mit Werkzeugmaschinen zur Motoreninstandsetzung\u2022Teamf\u00e4higkeit\u2022PKW-F\u00fchrerschein \u00a0 Wir bieten Ihnen:\u2022Ein abwechslungsreiches anspruchsvolles Aufgabengebiet\u2022Weiterbildungsm\u00f6glichkeiten\u2022Vollzeitbesch\u00e4ftigung (40h Woche Mo-Fr)\u2022Geregelte Arbeitszeiten\u2022Unbefristete Anstellung nach Probezeit \u00a0 Bei Interesse senden Sie Ihre [&hellip;]<\/p>\n","protected":false},"author":1,"featured_media":0,"parent":0,"menu_order":0,"comment_status":"closed","ping_status":"closed","template":"","meta":{"ngg_post_thumbnail":0},"_links":{"self":[{"href":"https:\/\/schroeter-motoren.de\/website\/wp-json\/wp\/v2\/pages\/143"}],"collection":[{"href":"https:\/\/schroeter-motoren.de\/website\/wp-json\/wp\/v2\/pages"}],"about":[{"href":"https:\/\/schroeter-motoren.de\/website\/wp-json\/wp\/v2\/types\/page"}],"author":[{"embeddable":true,"href":"https:\/\/schroeter-motoren.de\/website\/wp-json\/wp\/v2\/users\/1"}],"replies":[{"embeddable":true,"href":"https:\/\/schroeter-motoren.de\/website\/wp-json\/wp\/v2\/comments?post=143"}],"version-history":[{"count":7,"href":"https:\/\/schroeter-motoren.de\/website\/wp-json\/wp\/v2\/pages\/143\/revisions"}],"predecessor-version":[{"id":920,"href":"https:\/\/schroeter-motoren.de\/website\/wp-json\/wp\/v2\/pages\/143\/revisions\/920"}],"wp:attachment":[{"href":"https:\/\/schroeter-motoren.de\/website\/wp-json\/wp\/v2\/media?parent=143"}],"curies":[{"name":"wp","href":"https:\/\/api.w.org\/{rel}","templated":true}]}}