{"id":52,"date":"2018-06-13T21:22:01","date_gmt":"2018-06-13T19:22:01","guid":{"rendered":"http:\/\/schroeter-motoren.de\/website\/?page_id=52"},"modified":"2018-12-07T09:45:52","modified_gmt":"2018-12-07T08:45:52","slug":"ueber-uns","status":"publish","type":"page","link":"https:\/\/schroeter-motoren.de\/website\/ueber-uns\/","title":{"rendered":"\u00dcber uns"},"content":{"rendered":"\t\t<div data-elementor-type=\"wp-post\" data-elementor-id=\"52\" class=\"elementor elementor-52 elementor-bc-flex-widget\">\n\t\t\t\t\t\t<div class=\"elementor-inner\">\n\t\t\t\t<div class=\"elementor-section-wrap\">\n\t\t\t\t\t\t\t\t\t<section class=\"elementor-section elementor-top-section elementor-element elementor-element-d5535aa elementor-section-boxed elementor-section-height-default elementor-section-height-default\" data-id=\"d5535aa\" data-element_type=\"section\">\n\t\t\t\t\t\t<div class=\"elementor-container elementor-column-gap-default\">\n\t\t\t\t\t\t\t<div class=\"elementor-row\">\n\t\t\t\t\t<div class=\"elementor-column elementor-col-66 elementor-top-column elementor-element elementor-element-b7b0c71\" data-id=\"b7b0c71\" data-element_type=\"column\">\n\t\t\t<div class=\"elementor-column-wrap elementor-element-populated\">\n\t\t\t\t\t\t\t<div class=\"elementor-widget-wrap\">\n\t\t\t\t\t\t<div class=\"elementor-element elementor-element-2d1427b elementor-widget elementor-widget-heading\" data-id=\"2d1427b\" data-element_type=\"widget\" data-widget_type=\"heading.default\">\n\t\t\t\t<div class=\"elementor-widget-container\">\n\t\t\t<h2 class=\"elementor-heading-title elementor-size-default\">\nDie Firma Schr\u00f6ter-Motoren<\/h2>\t\t<\/div>\n\t\t\t\t<\/div>\n\t\t\t\t\t\t<\/div>\n\t\t\t\t\t<\/div>\n\t\t<\/div>\n\t\t\t\t<div class=\"elementor-column elementor-col-33 elementor-top-column elementor-element elementor-element-1eb1a96\" data-id=\"1eb1a96\" data-element_type=\"column\">\n\t\t\t<div class=\"elementor-column-wrap elementor-element-populated\">\n\t\t\t\t\t\t\t<div class=\"elementor-widget-wrap\">\n\t\t\t\t\t\t<div class=\"elementor-element elementor-element-6285121 elementor-widget elementor-widget-text-editor\" data-id=\"6285121\" data-element_type=\"widget\" data-widget_type=\"text-editor.default\">\n\t\t\t\t<div class=\"elementor-widget-container\">\n\t\t\t\t\t\t\t\t<div class=\"elementor-text-editor elementor-clearfix\">\n\t\t\t\t<h4 style=\"text-align: left; padding-left: 30px;\">Telefon: 03631 600225<br \/>E-mail:\u00a0 \u00a0info@schroeter-motoren.de<\/h4>\t\t\t\t\t<\/div>\n\t\t\t\t\t\t<\/div>\n\t\t\t\t<\/div>\n\t\t\t\t\t\t<\/div>\n\t\t\t\t\t<\/div>\n\t\t<\/div>\n\t\t\t\t\t\t\t\t<\/div>\n\t\t\t\t\t<\/div>\n\t\t<\/section>\n\t\t\t\t<section class=\"elementor-section elementor-top-section elementor-element elementor-element-255cc6f elementor-section-boxed elementor-section-height-default elementor-section-height-default\" data-id=\"255cc6f\" data-element_type=\"section\">\n\t\t\t\t\t\t<div class=\"elementor-container elementor-column-gap-default\">\n\t\t\t\t\t\t\t<div class=\"elementor-row\">\n\t\t\t\t\t<div class=\"elementor-column elementor-col-33 elementor-top-column elementor-element elementor-element-2cacad5\" data-id=\"2cacad5\" data-element_type=\"column\">\n\t\t\t<div class=\"elementor-column-wrap elementor-element-populated\">\n\t\t\t\t\t\t\t<div class=\"elementor-widget-wrap\">\n\t\t\t\t\t\t<div class=\"elementor-element elementor-element-106cb58 elementor-widget elementor-widget-image\" data-id=\"106cb58\" data-element_type=\"widget\" data-widget_type=\"image.default\">\n\t\t\t\t<div class=\"elementor-widget-container\">\n\t\t\t\t\t\t\t\t<div class=\"elementor-image\">\n\t\t\t\t\t\t\t\t\t<figure class=\"wp-caption\">\n\t\t\t\t\t\t\t\t\t\t<img decoding=\"async\" width=\"350\" height=\"236\" src=\"https:\/\/schroeter-motoren.de\/wp-content\/uploads\/2018\/06\/schroeter-motoren-altes-firmengelaende-template2.jpg\" class=\"attachment-full size-full wp-image-148\" alt=\"\" loading=\"lazy\" srcset=\"https:\/\/schroeter-motoren.de\/wp-content\/uploads\/2018\/06\/schroeter-motoren-altes-firmengelaende-template2.jpg 350w, https:\/\/schroeter-motoren.de\/wp-content\/uploads\/2018\/06\/schroeter-motoren-altes-firmengelaende-template2-300x202.jpg 300w\" sizes=\"(max-width: 350px) 100vw, 350px\" \/>\t\t\t\t\t\t\t\t\t\t\t<figcaption class=\"widget-image-caption wp-caption-text\">Am Darrweg 19<\/figcaption>\n\t\t\t\t\t\t\t\t\t\t<\/figure>\n\t\t\t\t\t\t\t\t<\/div>\n\t\t\t\t\t\t<\/div>\n\t\t\t\t<\/div>\n\t\t\t\t\t\t<\/div>\n\t\t\t\t\t<\/div>\n\t\t<\/div>\n\t\t\t\t<div class=\"elementor-column elementor-col-33 elementor-top-column elementor-element elementor-element-2b885ba\" data-id=\"2b885ba\" data-element_type=\"column\">\n\t\t\t<div class=\"elementor-column-wrap elementor-element-populated\">\n\t\t\t\t\t\t\t<div class=\"elementor-widget-wrap\">\n\t\t\t\t\t\t<div class=\"elementor-element elementor-element-833c51a elementor-widget elementor-widget-image\" data-id=\"833c51a\" data-element_type=\"widget\" data-widget_type=\"image.default\">\n\t\t\t\t<div class=\"elementor-widget-container\">\n\t\t\t\t\t\t\t\t<div class=\"elementor-image\">\n\t\t\t\t\t\t\t\t\t<figure class=\"wp-caption\">\n\t\t\t\t\t\t\t\t\t\t<img decoding=\"async\" width=\"350\" height=\"236\" src=\"https:\/\/schroeter-motoren.de\/wp-content\/uploads\/2018\/06\/schroeter-motoren-bau-template1.jpg\" class=\"attachment-full size-full wp-image-149\" alt=\"\" loading=\"lazy\" srcset=\"https:\/\/schroeter-motoren.de\/wp-content\/uploads\/2018\/06\/schroeter-motoren-bau-template1.jpg 350w, https:\/\/schroeter-motoren.de\/wp-content\/uploads\/2018\/06\/schroeter-motoren-bau-template1-300x202.jpg 300w\" sizes=\"(max-width: 350px) 100vw, 350px\" \/>\t\t\t\t\t\t\t\t\t\t\t<figcaption class=\"widget-image-caption wp-caption-text\">An der Helme 2a im Bau<\/figcaption>\n\t\t\t\t\t\t\t\t\t\t<\/figure>\n\t\t\t\t\t\t\t\t<\/div>\n\t\t\t\t\t\t<\/div>\n\t\t\t\t<\/div>\n\t\t\t\t\t\t<\/div>\n\t\t\t\t\t<\/div>\n\t\t<\/div>\n\t\t\t\t<div class=\"elementor-column elementor-col-33 elementor-top-column elementor-element elementor-element-d4e562f\" data-id=\"d4e562f\" data-element_type=\"column\">\n\t\t\t<div class=\"elementor-column-wrap elementor-element-populated\">\n\t\t\t\t\t\t\t<div class=\"elementor-widget-wrap\">\n\t\t\t\t\t\t<div class=\"elementor-element elementor-element-6f49cd8 elementor-widget elementor-widget-image\" data-id=\"6f49cd8\" data-element_type=\"widget\" data-widget_type=\"image.default\">\n\t\t\t\t<div class=\"elementor-widget-container\">\n\t\t\t\t\t\t\t\t<div class=\"elementor-image\">\n\t\t\t\t\t\t\t\t\t<figure class=\"wp-caption\">\n\t\t\t\t\t\t\t\t\t\t<img decoding=\"async\" width=\"350\" height=\"237\" src=\"https:\/\/schroeter-motoren.de\/wp-content\/uploads\/2018\/06\/schroeter-motoren-neues-firmengelaende-template3.jpg\" class=\"attachment-large size-large wp-image-150\" alt=\"\" loading=\"lazy\" srcset=\"https:\/\/schroeter-motoren.de\/wp-content\/uploads\/2018\/06\/schroeter-motoren-neues-firmengelaende-template3.jpg 350w, https:\/\/schroeter-motoren.de\/wp-content\/uploads\/2018\/06\/schroeter-motoren-neues-firmengelaende-template3-300x203.jpg 300w\" sizes=\"(max-width: 350px) 100vw, 350px\" \/>\t\t\t\t\t\t\t\t\t\t\t<figcaption class=\"widget-image-caption wp-caption-text\">An der Helme 2a nach Fertigstellung 1998<\/figcaption>\n\t\t\t\t\t\t\t\t\t\t<\/figure>\n\t\t\t\t\t\t\t\t<\/div>\n\t\t\t\t\t\t<\/div>\n\t\t\t\t<\/div>\n\t\t\t\t\t\t<\/div>\n\t\t\t\t\t<\/div>\n\t\t<\/div>\n\t\t\t\t\t\t\t\t<\/div>\n\t\t\t\t\t<\/div>\n\t\t<\/section>\n\t\t\t\t<section class=\"elementor-section elementor-top-section elementor-element elementor-element-a57d3cf elementor-section-boxed elementor-section-height-default elementor-section-height-default\" data-id=\"a57d3cf\" data-element_type=\"section\">\n\t\t\t\t\t\t<div class=\"elementor-container elementor-column-gap-default\">\n\t\t\t\t\t\t\t<div class=\"elementor-row\">\n\t\t\t\t\t<div class=\"elementor-column elementor-col-100 elementor-top-column elementor-element elementor-element-70973c7\" data-id=\"70973c7\" data-element_type=\"column\">\n\t\t\t<div class=\"elementor-column-wrap elementor-element-populated\">\n\t\t\t\t\t\t\t<div class=\"elementor-widget-wrap\">\n\t\t\t\t\t\t<div class=\"elementor-element elementor-element-4b78ce1 elementor-widget elementor-widget-text-editor\" data-id=\"4b78ce1\" data-element_type=\"widget\" data-widget_type=\"text-editor.default\">\n\t\t\t\t<div class=\"elementor-widget-container\">\n\t\t\t\t\t\t\t\t<div class=\"elementor-text-editor elementor-clearfix\">\n\t\t\t\t<p>wurde am 01.07.1991 von Dipl.- Ing. Harald Schr\u00f6ter als Einzelunternehmen gegr\u00fcndet. Als Firmensitz diente eine angemietete alte Industriehalle am Darrweg 19, welche in Eigenleistung renoviert wurde. Nach und nach wurden diverse Werkzeugmaschinen zur Motorenteilebearbeitung angeschafft. Das Leistungsspektrum des Unternehmens wurde somit kontinuierlich ausgebaut.<br \/>Um unseren Kunden und Mitarbeitern ein professionelleres Umfeld zu schaffen, fiel schon nach wenigen Jahren der Entschluss zum Neubau des Firmengeb\u00e4udes. Am 04.07.1997 wurde mit dem Bauvorhaben in Nordhausen an der Helme 2a begonnen. Bereits in der ersten Dezemberwoche konnten die Maschinen vom Darrweg in das neue Firmengeb\u00e4ude umgesetzt werden, sodass bereits am 08.12.1997 die Arbeit f\u00fcr unsere Kunden am neuen Standort weitergef\u00fchrt werden konnte.<br \/>Im Januar 2006 wurde die Unternehmensform zur Schr\u00f6ter Motoren GbR umgebildet. Gesch\u00e4ftsf\u00fchrer sind nunmehr die Ingenieure Harald und Matthias Schr\u00f6ter. Die gemeinsame Leitung ist Ausdruck des Charakters als Familienunternehmen.<br \/>Seit dem 1.10.2016 wird das Unternehmen durch Dipl.-Ing. Matthias Schr\u00f6ter als Einzelfirma weitergef\u00fchrt.<br \/>Die Firma Schr\u00f6ter Motoren in Nordhausen steht damit ihren Kunden seit \u00fcber 20 Jahren bei allen Fragen und Problemen rund um den Verbrennungsmotor als Fachbetrieb f\u00fcr Motoreninstandsetzung erfolgreich zur Seite.<\/p><p><strong>Wir freuen uns auf Ihren Besuch!<\/strong><\/p>\t\t\t\t\t<\/div>\n\t\t\t\t\t\t<\/div>\n\t\t\t\t<\/div>\n\t\t\t\t\t\t<\/div>\n\t\t\t\t\t<\/div>\n\t\t<\/div>\n\t\t\t\t\t\t\t\t<\/div>\n\t\t\t\t\t<\/div>\n\t\t<\/section>\n\t\t\t\t<section class=\"elementor-section elementor-top-section elementor-element elementor-element-fea45dd elementor-section-boxed elementor-section-height-default elementor-section-height-default\" data-id=\"fea45dd\" data-element_type=\"section\">\n\t\t\t\t\t\t<div class=\"elementor-container elementor-column-gap-default\">\n\t\t\t\t\t\t\t<div class=\"elementor-row\">\n\t\t\t\t\t<div class=\"elementor-column elementor-col-100 elementor-top-column elementor-element elementor-element-e9ebe16\" data-id=\"e9ebe16\" data-element_type=\"column\">\n\t\t\t<div class=\"elementor-column-wrap elementor-element-populated\">\n\t\t\t\t\t\t\t<div class=\"elementor-widget-wrap\">\n\t\t\t\t\t\t<div class=\"elementor-element elementor-element-be84dbc elementor-widget elementor-widget-image\" data-id=\"be84dbc\" data-element_type=\"widget\" data-widget_type=\"image.default\">\n\t\t\t\t<div class=\"elementor-widget-container\">\n\t\t\t\t\t\t\t\t<div class=\"elementor-image\">\n\t\t\t\t\t\t\t\t\t<figure class=\"wp-caption\">\n\t\t\t\t\t\t\t\t\t\t<img decoding=\"async\" width=\"5483\" height=\"1989\" src=\"https:\/\/schroeter-motoren.de\/wp-content\/uploads\/2018\/09\/DSC00655-bearbeitet.jpg\" class=\"attachment-full size-full wp-image-823\" alt=\"\" loading=\"lazy\" srcset=\"https:\/\/schroeter-motoren.de\/wp-content\/uploads\/2018\/09\/DSC00655-bearbeitet.jpg 5483w, https:\/\/schroeter-motoren.de\/wp-content\/uploads\/2018\/09\/DSC00655-bearbeitet-300x109.jpg 300w, https:\/\/schroeter-motoren.de\/wp-content\/uploads\/2018\/09\/DSC00655-bearbeitet-768x279.jpg 768w, https:\/\/schroeter-motoren.de\/wp-content\/uploads\/2018\/09\/DSC00655-bearbeitet-1024x371.jpg 1024w\" sizes=\"(max-width: 5483px) 100vw, 5483px\" \/>\t\t\t\t\t\t\t\t\t\t\t<figcaption class=\"widget-image-caption wp-caption-text\">Die Firma Schr\u00f6ter Motoren - Aussenansicht Herbst 2017<\/figcaption>\n\t\t\t\t\t\t\t\t\t\t<\/figure>\n\t\t\t\t\t\t\t\t<\/div>\n\t\t\t\t\t\t<\/div>\n\t\t\t\t<\/div>\n\t\t\t\t\t\t<\/div>\n\t\t\t\t\t<\/div>\n\t\t<\/div>\n\t\t\t\t\t\t\t\t<\/div>\n\t\t\t\t\t<\/div>\n\t\t<\/section>\n\t\t\t\t\t\t\t\t\t<\/div>\n\t\t\t<\/div>\n\t\t\t\t\t<\/div>\n\t\t","protected":false},"excerpt":{"rendered":"<p>Die Firma Schr\u00f6ter-Motoren Telefon: 03631 600225E-mail:\u00a0 \u00a0info@schroeter-motoren.de Am Darrweg 19 An der Helme 2a im Bau An der Helme 2a nach Fertigstellung 1998 wurde am 01.07.1991 von Dipl.- Ing. Harald Schr\u00f6ter als Einzelunternehmen gegr\u00fcndet. Als Firmensitz diente eine angemietete alte Industriehalle am Darrweg 19, welche in Eigenleistung renoviert wurde. Nach und nach wurden diverse Werkzeugmaschinen [&hellip;]<\/p>\n","protected":false},"author":1,"featured_media":0,"parent":0,"menu_order":0,"comment_status":"closed","ping_status":"closed","template":"","meta":{"ngg_post_thumbnail":0},"_links":{"self":[{"href":"https:\/\/schroeter-motoren.de\/website\/wp-json\/wp\/v2\/pages\/52"}],"collection":[{"href":"https:\/\/schroeter-motoren.de\/website\/wp-json\/wp\/v2\/pages"}],"about":[{"href":"https:\/\/schroeter-motoren.de\/website\/wp-json\/wp\/v2\/types\/page"}],"author":[{"embeddable":true,"href":"https:\/\/schroeter-motoren.de\/website\/wp-json\/wp\/v2\/users\/1"}],"replies":[{"embeddable":true,"href":"https:\/\/schroeter-motoren.de\/website\/wp-json\/wp\/v2\/comments?post=52"}],"version-history":[{"count":22,"href":"https:\/\/schroeter-motoren.de\/website\/wp-json\/wp\/v2\/pages\/52\/revisions"}],"predecessor-version":[{"id":848,"href":"https:\/\/schroeter-motoren.de\/website\/wp-json\/wp\/v2\/pages\/52\/revisions\/848"}],"wp:attachment":[{"href":"https:\/\/schroeter-motoren.de\/website\/wp-json\/wp\/v2\/media?parent=52"}],"curies":[{"name":"wp","href":"https:\/\/api.w.org\/{rel}","templated":true}]}}